{"id":26,"date":"2019-05-16T12:35:37","date_gmt":"2019-05-16T10:35:37","guid":{"rendered":"http:\/\/www.casaruralrequena.com\/?page_id=26"},"modified":"2019-10-16T13:56:21","modified_gmt":"2019-10-16T11:56:21","slug":"inicio","status":"publish","type":"page","link":"http:\/\/www.casaruralrequena.com\/","title":{"rendered":"Inicio"},"content":{"rendered":"\n<p>Casa Francisca se encuentra ubicada en una tranquila placeta vecinal junto a la hist\u00f3rica Plaza de la Villa. Casa Francisca en pleno coraz\u00f3n de \u00abLa Villa\u00bb de Requena, se trata de una construcci\u00f3n nueva, siguiendo el estilo de las casas hist\u00f3ricas circundantes, dotada de todas las comodidades y servicios actuales.<\/p>\n\n\n\n<p>La casa es toda exterior, luminosa y soleada orientada al sur, con amplios ventanales y balc\u00f3n con vistas a la plaza de la villa de Requena. En la planta baja hay un amplio sal\u00f3n-comedor con cocina y tiene cuatro ventanas, y un cuarto de ba\u00f1o completo. <\/p>\n\n\n\n<p>La cocina integrada con el sal\u00f3n comedor esta dotada de todos los electrodom\u00e9sticos necesarios, incluido lavavajillas, para atender las necesidades de sus hu\u00e9spedes. En la primera planta est\u00e1n las dos habitaciones dobles y un cuarto de ba\u00f1o completo.<\/p>\n\n\n\n<p>La casa dispone de mobiliario para la calle, poder cenar con el buen tiempo desayunar o simplemente leer un libro, rodeado de plantas. <\/p>\n\n\n\n<p>Tiene dos fachadas que recaen en dos placetas distintas, con f\u00e1cil aparcamiento, junto a los principales monumentos de Requena y lugares de inter\u00e9s tur\u00edstico de Requena. Situada en un entorno de callejones y placetas, que hacen de ella un remanso de silencio y paz ideal para el descanso y tranquilidad.<\/p>\n\n\n\n<p>Durante su construcci\u00f3n se ha primado la habitabilidad y comodidad de sus hu\u00e9spedes dentro de un ambiente sobrio y funcional, con aislamientos de corcho natural y materiales respetuosos con el medio ambiente para garantizar el confort y bienestar interior. Las habitaciones son todas exteriores, orientadas al sur, luminosas y soleadas con amplios ventanales y balc\u00f3n con vistas a la plaza de La Villa. En la planta baja hay un amplio sal\u00f3n- comedor con cocina y un ba\u00f1o completo. En la primera planta est\u00e1n las dos habitaciones dobles y un cuarto de ba\u00f1o completo. La casa, en alquiler \u00edntegro, ofrece un c\u00f3modo alojamiento ideal para cuatro personas, ampliable a seis. En estancias superiores a tres noches se pueden aplicar precios especiales.<\/p>\n\n\n\n<p>Yo soy una amante de La Villa, me he criado aqu\u00ed y siempre he tenido ilusi\u00f3n de tener una casa rural para el disfrute de los hu\u00e9spedes. Me encanta \u00abperderme\u00bb por sus callejones, plazas y placetas tanto de d\u00eda como de noche. Me gusta la naturaleza, siempre que puedo hago senderismo y soy aficionada a la nataci\u00f3n. Estoy disponible para orientar a los hu\u00e9spedes a la hora de hacer actividades y visitas por La Villa o sus alrededores as\u00ed como visitas a las bodegas o las necesidades que ellos manifiesten.<\/p>\n\n\n\n<div class=\"wp-block-image\"><figure class=\"aligncenter\"><img loading=\"lazy\" decoding=\"async\" width=\"600\" height=\"400\" src=\"http:\/\/www.casaruralrequena.com\/wp-content\/uploads\/2019\/10\/villa-1.jpg\" alt=\"\" class=\"wp-image-250\" srcset=\"http:\/\/www.casaruralrequena.com\/wp-content\/uploads\/2019\/10\/villa-1.jpg 600w, http:\/\/www.casaruralrequena.com\/wp-content\/uploads\/2019\/10\/villa-1-300x200.jpg 300w\" sizes=\"auto, (max-width: 600px) 100vw, 600px\" \/><\/figure><\/div>\n","protected":false},"excerpt":{"rendered":"<p>Casa Francisca se encuentra ubicada en una tranquila placeta vecinal junto a la hist\u00f3rica Plaza de la Villa. Casa Francisca en pleno coraz\u00f3n de \u00abLa Villa\u00bb de Requena, se trata de una construcci\u00f3n nueva, siguiendo el estilo de las casas &hellip; <a href=\"http:\/\/www.casaruralrequena.com\/\">Continuar<\/a><\/p>\n","protected":false},"author":1,"featured_media":0,"parent":0,"menu_order":0,"comment_status":"closed","ping_status":"closed","template":"","meta":{"footnotes":""},"class_list":["post-26","page","type-page","status-publish","hentry"],"_links":{"self":[{"href":"http:\/\/www.casaruralrequena.com\/index.php\/wp-json\/wp\/v2\/pages\/26","targetHints":{"allow":["GET"]}}],"collection":[{"href":"http:\/\/www.casaruralrequena.com\/index.php\/wp-json\/wp\/v2\/pages"}],"about":[{"href":"http:\/\/www.casaruralrequena.com\/index.php\/wp-json\/wp\/v2\/types\/page"}],"author":[{"embeddable":true,"href":"http:\/\/www.casaruralrequena.com\/index.php\/wp-json\/wp\/v2\/users\/1"}],"replies":[{"embeddable":true,"href":"http:\/\/www.casaruralrequena.com\/index.php\/wp-json\/wp\/v2\/comments?post=26"}],"version-history":[{"count":7,"href":"http:\/\/www.casaruralrequena.com\/index.php\/wp-json\/wp\/v2\/pages\/26\/revisions"}],"predecessor-version":[{"id":270,"href":"http:\/\/www.casaruralrequena.com\/index.php\/wp-json\/wp\/v2\/pages\/26\/revisions\/270"}],"wp:attachment":[{"href":"http:\/\/www.casaruralrequena.com\/index.php\/wp-json\/wp\/v2\/media?parent=26"}],"curies":[{"name":"wp","href":"https:\/\/api.w.org\/{rel}","templated":true}]}}